{"id":2295,"date":"2023-05-16T19:04:25","date_gmt":"2023-05-16T19:04:25","guid":{"rendered":"http:\/\/prodira.com.mx\/divisas-2\/"},"modified":"2023-09-25T17:04:50","modified_gmt":"2023-09-25T17:04:50","slug":"une-prodira","status":"publish","type":"page","link":"https:\/\/prodira.com.mx\/en\/une-prodira\/","title":{"rendered":"UNE PRODIRA"},"content":{"rendered":"<div class=\"wp-block-cover alignfull is-light\" style=\"min-height:273px;aspect-ratio:unset;\"><span aria-hidden=\"true\" class=\"wp-block-cover__background has-background-dim\" style=\"background-color:#2f5770\"><\/span><img loading=\"lazy\" decoding=\"async\" width=\"1280\" height=\"829\" class=\"wp-block-cover__image-background wp-image-1226\" alt=\"zacatecas, mexico, city-4798635.jpg\" src=\"https:\/\/prodira.com.mx\/wp-content\/uploads\/2022\/09\/zacatecas-mexico-city-4798635.jpg\" style=\"object-position:52% 87%\" data-object-fit=\"cover\" data-object-position=\"52% 87%\"\/><div class=\"wp-block-cover__inner-container is-layout-flow wp-block-cover-is-layout-flow\">\n<div style=\"height:150px\" aria-hidden=\"true\" class=\"wp-block-spacer\"><\/div>\n\n\n\n<p class=\"has-text-align-center animated zoomIn slow has-ast-global-color-5-color has-text-color\" style=\"font-size:35px\">UNIDAD ESPECIALIZADA DE ATENCI\u00d3N A USUARIOS<\/p>\n<\/div><\/div>\n\n\n\n<div class=\"wp-block-cover alignfull\"><span aria-hidden=\"true\" class=\"wp-block-cover__background has-ast-global-color-5-background-color has-background-dim-100 has-background-dim\"><\/span><div class=\"wp-block-cover__inner-container is-layout-flow wp-block-cover-is-layout-flow\">\n<p class=\"has-text-align-center has-ast-global-color-2-color has-text-color has-medium-font-size\">Para cualquier aclaraci\u00f3n, queja o duda no resuelta con relaci\u00f3n al servicio ofrecido, contacte a la Unidad Especializada de Atenci\u00f3n a usuarios (UNE) de PRODIRA, S.A. de C.V., Casa de Cambio, Actividad Auxiliar del Cr\u00e9dito con los siguientes datos:<\/p>\n\n\n\n<p class=\"has-text-align-center has-ast-global-color-2-color has-text-color has-medium-font-size\">\u00a0\u00a0<a href=\"https:\/\/www.prodira.com.mx\/doctos\/une.pdf\" data-type=\"link\" data-id=\"https:\/\/www.prodira.com.mx\/doctos\/une.pdf\">UNE PRODIRA<\/a><\/p>\n\n\n\n<p class=\"has-text-align-center has-ast-global-color-2-color has-text-color has-medium-font-size\">&nbsp;&nbsp;&nbsp;Tambi\u00e9n puede contactar a: <\/p>\n\n\n\n<p class=\"has-text-align-center has-ast-global-color-2-color has-text-color has-medium-font-size\">&nbsp;&nbsp;&nbsp; <strong>CONDUSEF:<\/strong><\/p>\n\n\n\n<p class=\"has-text-align-center has-ast-global-color-2-color has-text-color has-medium-font-size\">&nbsp;&nbsp;&nbsp; Insurgentes Sur No. 762, Colonia del Valle, Delegaci\u00f3n Benito Ju\u00e1rez, C\u00f3digo Postal 03100<\/p>\n\n\n\n<p class=\"has-text-align-center has-ast-global-color-2-color has-text-color has-medium-font-size\">&nbsp;&nbsp;<strong>P\u00e1gina de internet:<\/strong>&nbsp;<a href=\"http:\/\/www.condusef.gob.mx\/\" target=\"_blank\" rel=\"noreferrer noopener\">www.cond<\/a><a href=\"http:\/\/www.condusef.gob.mx\/\">usef.gob.mx<\/a><\/p>\n\n\n\n<p class=\"has-text-align-center has-ast-global-color-2-color has-text-color has-medium-font-size\"><strong>&nbsp;&nbsp;&nbsp;Tel\u00e9fonos: <\/strong>(55) 5340 0999 y (01 800) 999 8080<\/p>\n\n\n\n<p class=\"has-text-align-center has-ast-global-color-2-color has-text-color has-medium-font-size\">&nbsp;&nbsp;&nbsp;<strong>E-mail: <\/strong><a href=\"mailto:asesoria@condusef.gob.mx\" target=\"_blank\" rel=\"noreferrer noopener\">asesoria@condusef.gob.mx<\/a> \u00f3 <a href=\"mailto:unes@condusef.gob.mx\" target=\"_blank\" rel=\"noreferrer noopener\">unes@condusef.gob.mx<\/a><\/p>\n<\/div><\/div>","protected":false},"excerpt":{"rendered":"","protected":false},"author":1,"featured_media":0,"parent":0,"menu_order":0,"comment_status":"closed","ping_status":"closed","template":"","meta":{"site-sidebar-layout":"default","site-content-layout":"","ast-site-content-layout":"default","site-content-style":"default","site-sidebar-style":"default","ast-global-header-display":"","ast-banner-title-visibility":"","ast-main-header-display":"","ast-hfb-above-header-display":"","ast-hfb-below-header-display":"","ast-hfb-mobile-header-display":"","site-post-title":"disabled","ast-breadcrumbs-content":"","ast-featured-img":"","footer-sml-layout":"","ast-disable-related-posts":"","theme-transparent-header-meta":"","adv-header-id-meta":"","stick-header-meta":"","header-above-stick-meta":"","header-main-stick-meta":"","header-below-stick-meta":"","astra-migrate-meta-layouts":"default","ast-page-background-enabled":"default","ast-page-background-meta":{"desktop":{"background-color":"var(--ast-global-color-4)","background-image":"","background-repeat":"repeat","background-position":"center center","background-size":"auto","background-attachment":"scroll","background-type":"","background-media":"","overlay-type":"","overlay-color":"","overlay-opacity":"","overlay-gradient":""},"tablet":{"background-color":"","background-image":"","background-repeat":"repeat","background-position":"center center","background-size":"auto","background-attachment":"scroll","background-type":"","background-media":"","overlay-type":"","overlay-color":"","overlay-opacity":"","overlay-gradient":""},"mobile":{"background-color":"","background-image":"","background-repeat":"repeat","background-position":"center center","background-size":"auto","background-attachment":"scroll","background-type":"","background-media":"","overlay-type":"","overlay-color":"","overlay-opacity":"","overlay-gradient":""}},"ast-content-background-meta":{"desktop":{"background-color":"var(--ast-global-color-5)","background-image":"","background-repeat":"repeat","background-position":"center center","background-size":"auto","background-attachment":"scroll","background-type":"","background-media":"","overlay-type":"","overlay-color":"","overlay-opacity":"","overlay-gradient":""},"tablet":{"background-color":"var(--ast-global-color-5)","background-image":"","background-repeat":"repeat","background-position":"center center","background-size":"auto","background-attachment":"scroll","background-type":"","background-media":"","overlay-type":"","overlay-color":"","overlay-opacity":"","overlay-gradient":""},"mobile":{"background-color":"var(--ast-global-color-5)","background-image":"","background-repeat":"repeat","background-position":"center center","background-size":"auto","background-attachment":"scroll","background-type":"","background-media":"","overlay-type":"","overlay-color":"","overlay-opacity":"","overlay-gradient":""}},"footnotes":""},"class_list":["post-2295","page","type-page","status-publish","hentry"],"_links":{"self":[{"href":"https:\/\/prodira.com.mx\/en\/wp-json\/wp\/v2\/pages\/2295","targetHints":{"allow":["GET"]}}],"collection":[{"href":"https:\/\/prodira.com.mx\/en\/wp-json\/wp\/v2\/pages"}],"about":[{"href":"https:\/\/prodira.com.mx\/en\/wp-json\/wp\/v2\/types\/page"}],"author":[{"embeddable":true,"href":"https:\/\/prodira.com.mx\/en\/wp-json\/wp\/v2\/users\/1"}],"replies":[{"embeddable":true,"href":"https:\/\/prodira.com.mx\/en\/wp-json\/wp\/v2\/comments?post=2295"}],"version-history":[{"count":7,"href":"https:\/\/prodira.com.mx\/en\/wp-json\/wp\/v2\/pages\/2295\/revisions"}],"predecessor-version":[{"id":2593,"href":"https:\/\/prodira.com.mx\/en\/wp-json\/wp\/v2\/pages\/2295\/revisions\/2593"}],"wp:attachment":[{"href":"https:\/\/prodira.com.mx\/en\/wp-json\/wp\/v2\/media?parent=2295"}],"curies":[{"name":"wp","href":"https:\/\/api.w.org\/{rel}","templated":true}]}}