{"id":1911,"date":"2023-01-04T16:21:30","date_gmt":"2023-01-04T16:21:30","guid":{"rendered":"http:\/\/prodira.com.mx\/?page_id=1911"},"modified":"2023-09-20T17:25:16","modified_gmt":"2023-09-20T17:25:16","slug":"historia-2","status":"publish","type":"page","link":"https:\/\/prodira.com.mx\/en\/historia-2\/","title":{"rendered":"History"},"content":{"rendered":"<div class=\"n2_clear\"><ss3-force-full-width data-overflow-x=\"body\" data-horizontal-selector=\"body\"><div class=\"n2-section-smartslider fitvidsignore  n2_clear\" data-ssid=\"15\"><div id=\"n2-ss-15-align\" class=\"n2-ss-align\"><div class=\"n2-padding\"><div id=\"n2-ss-15\" data-creator=\"Smart Slider 3\" data-responsive=\"fullwidth\" class=\"n2-ss-slider n2-ow n2-has-hover n2notransition\"><div class=\"n2-ss-slider-wrapper-inside\">\n        <div class=\"n2-ss-slider-1 n2_ss__touch_element n2-ow\">\n            <div class=\"n2-ss-slider-2 n2-ow\">\n                                                    <div class=\"n2-ss-background-animation n2-ow\"><\/div>\n                                <div class=\"n2-ss-slider-3 n2-ow\">\n\n                    <div class=\"n2-ss-slide-backgrounds n2-ow-all\"><div class=\"n2-ss-slide-background\" data-public-id=\"1\" data-mode=\"fill\"><div class=\"n2-ss-slide-background-image\" data-blur=\"0\" data-opacity=\"40\" data-x=\"50\" data-y=\"50\" data-alt=\"\" data-title=\"\" style=\"opacity:0.4\"><picture class=\"skip-lazy\" data-skip-lazy=\"1\"><img decoding=\"async\" src=\"\/\/prodira.com.mx\/wp-content\/uploads\/2023\/01\/PRODIRA-NUEVA.jpeg\" alt=\"\" title=\"\" loading=\"lazy\" class=\"skip-lazy\" data-skip-lazy=\"1\"><\/picture><\/div><div data-color=\"RGBA(47,87,112,1)\" style=\"background-color: RGBA(47,87,112,1);\" class=\"n2-ss-slide-background-color\"><\/div><\/div><div class=\"n2-ss-slide-background\" data-public-id=\"2\" data-mode=\"fill\" aria-hidden=\"true\"><div class=\"n2-ss-slide-background-image\" data-blur=\"0\" data-opacity=\"40\" data-x=\"50\" data-y=\"50\" data-alt=\"\" data-title=\"\" style=\"opacity:0.4\"><picture class=\"skip-lazy\" data-skip-lazy=\"1\"><img decoding=\"async\" src=\"\/\/prodira.com.mx\/wp-content\/uploads\/2023\/01\/PRODIRA-NUEVA.jpeg\" alt=\"\" title=\"\" loading=\"lazy\" class=\"skip-lazy\" data-skip-lazy=\"1\"><\/picture><\/div><div data-color=\"RGBA(47,87,112,1)\" style=\"background-color: RGBA(47,87,112,1);\" class=\"n2-ss-slide-background-color\"><\/div><\/div><div class=\"n2-ss-slide-background\" data-public-id=\"3\" data-mode=\"fill\" aria-hidden=\"true\"><div class=\"n2-ss-slide-background-image\" data-blur=\"0\" data-opacity=\"40\" data-x=\"50\" data-y=\"50\" data-alt=\"\" data-title=\"\" style=\"opacity:0.4\"><picture class=\"skip-lazy\" data-skip-lazy=\"1\"><img decoding=\"async\" src=\"\/\/prodira.com.mx\/wp-content\/uploads\/2023\/01\/PRODIRA-NUEVA.jpeg\" alt=\"\" title=\"\" loading=\"lazy\" class=\"skip-lazy\" data-skip-lazy=\"1\"><\/picture><\/div><div data-color=\"RGBA(47,87,112,1)\" style=\"background-color: RGBA(47,87,112,1);\" class=\"n2-ss-slide-background-color\"><\/div><\/div><\/div>                    <div class=\"n2-ss-slider-4 n2-ow\">\n                        <svg xmlns=\"http:\/\/www.w3.org\/2000\/svg\" viewbox=\"0 0 1200 900\" data-related-device=\"desktopPortrait\" class=\"n2-ow n2-ss-preserve-size n2-ss-preserve-size--slider n2-ss-slide-limiter\"><\/svg><div data-first=\"1\" data-slide-duration=\"0\" data-id=\"81\" data-slide-public-id=\"1\" data-title=\"HISTORIA\" class=\"n2-ss-slide n2-ow  n2-ss-slide-81\"><div role=\"note\" class=\"n2-ss-slide--focus\" tabindex=\"-1\">HISTORY<\/div><div class=\"n2-ss-layers-container n2-ss-slide-limiter n2-ow\"><div class=\"n2-ss-layer n2-ow n-uc-yunvxLGOGkBC\" data-sstype=\"slide\" data-pm=\"default\"><div class=\"n2-ss-layer n2-ow n-uc-zzvIWjlN2cuO\" data-pm=\"default\" data-sstype=\"content\" data-hasbackground=\"0\"><div class=\"n2-ss-section-main-content n2-ss-layer-with-background n2-ss-layer-content n2-ow n-uc-zzvIWjlN2cuO-inner\"><div class=\"n2-ss-layer n2-ow n2-ss-layer--block n2-ss-has-self-align n-uc-17544993957d1\" data-pm=\"normal\" data-sstype=\"row\"><div class=\"n2-ss-layer-row n2-ss-layer-with-background n-uc-17544993957d1-inner\"><div class=\"n2-ss-layer-row-inner\"><div class=\"n2-ss-layer n2-ow n-uc-1d0183642b092\" data-pm=\"default\" data-sstype=\"col\"><div class=\"n2-ss-layer-col n2-ss-layer-with-background n2-ss-layer-content n-uc-1d0183642b092-inner\"><div class=\"n2-ss-layer n2-ow n-uc-HncW2eyJEHL6\" data-pm=\"normal\" data-sstype=\"layer\"><div id=\"n2-ss-15item1\" class=\"n2-font-ec4124f490ab80f9b6da78f35737af43-hover   n2-ss-item-content n2-ss-text n2-ow\" style=\"display:block;\">History<\/div><\/div><div class=\"n2-ss-layer n2-ow n-uc-PWmF4vM4VWRt\" data-pm=\"normal\" data-sstype=\"layer\"><div id=\"n2-ss-15item2\" class=\"n2-font-819d58bf804168b108c21588f0b5c17d-hover   n2-ss-item-content n2-ss-text n2-ow\" style=\"display:block;\">PRODIRA began in 1988 with the founding of Casa de Cambio R\u00edo Garc\u00eda in the city of R\u00edo Grande, Zacatecas with the purpose of professionalizing the purchase and sale of foreign currency. Later, PROMOTORA DE DIVISAS REAL DE ANGELES Centro Cambiario was created, a company that with its growth provided foreign currency purchase and sale and remittance payment services primarily in the states of Zacatecas and Durango. <br>Therefore, thanks to the professionalism and control of the company, Prodira, S.A. de C.V., Casa de Cambio, Actividad Auxiliar del Cr\u00e9dito, a Mexican capital company, was authorized in 2003 to satisfy the needs of foreign exchange, currency exchange through transfers and national or international transfers.<\/div><\/div><\/div><\/div><div class=\"n2-ss-layer n2-ow n-uc-118175e9b68cd\" data-pm=\"default\" data-sstype=\"col\"><div class=\"n2-ss-layer-col n2-ss-layer-with-background n2-ss-layer-content n-uc-118175e9b68cd-inner\"><div class=\"n2-ss-layer n2-ow n-uc-UoHM00d4nB6y\" data-pm=\"normal\" data-sstype=\"layer\"><div class=\"n2-ss-item-image-content n2-ss-item-content n2-ow-all\"><img loading=\"lazy\" decoding=\"async\" id=\"n2-ss-15item3\" alt=\"\" class=\"skip-lazy\" width=\"250\" height=\"252\" data-skip-lazy=\"1\" src=\"\/\/prodira.com.mx\/wp-content\/uploads\/2023\/07\/PRODIRA-ELEJIDA.png\" \/><\/div><\/div><\/div><\/div><\/div><\/div><\/div><\/div><\/div><\/div><\/div><\/div><div data-slide-duration=\"0\" data-id=\"82\" data-slide-public-id=\"2\" aria-hidden=\"true\" data-title=\"mision\" class=\"n2-ss-slide n2-ow  n2-ss-slide-82\"><div role=\"note\" class=\"n2-ss-slide--focus\" tabindex=\"-1\">mission<\/div><div class=\"n2-ss-layers-container n2-ss-slide-limiter n2-ow\"><div class=\"n2-ss-layer n2-ow n-uc-qAnkCFewyphB\" data-sstype=\"slide\" data-pm=\"default\"><div class=\"n2-ss-layer n2-ow n-uc-JgkcP0d0wTqe\" data-pm=\"default\" data-sstype=\"content\" data-hasbackground=\"0\"><div class=\"n2-ss-section-main-content n2-ss-layer-with-background n2-ss-layer-content n2-ow n-uc-JgkcP0d0wTqe-inner\"><div class=\"n2-ss-layer n2-ow n2-ss-layer--block n2-ss-has-self-align n-uc-1191b8959b244\" data-pm=\"normal\" data-sstype=\"row\"><div class=\"n2-ss-layer-row n2-ss-layer-with-background n-uc-1191b8959b244-inner\"><div class=\"n2-ss-layer-row-inner\"><div class=\"n2-ss-layer n2-ow n-uc-1b4df8a8759f2\" data-pm=\"default\" data-sstype=\"col\"><div class=\"n2-ss-layer-col n2-ss-layer-with-background n2-ss-layer-content n-uc-1b4df8a8759f2-inner\"><div class=\"n2-ss-layer n2-ow n-uc-JPj6hOITog7i\" data-pm=\"normal\" data-sstype=\"layer\"><div id=\"n2-ss-15item4\" class=\"n2-font-050e1cd89f23d224ccfab454c46bbcdc-hover n2-style-f8293b450b12ef15d5c4ff97a617a3e3-heading   n2-ss-item-content n2-ss-text n2-ow\" style=\"display:block;\">Mission<\/div><\/div><div class=\"n2-ss-layer n2-ow n-uc-4ngDoergAJZe\" data-pm=\"normal\" data-sstype=\"layer\"><div class=\"n2-ss-item-image-content n2-ss-item-content n2-ow-all\"><img decoding=\"async\" id=\"n2-ss-15item5\" alt=\"\" class=\"skip-lazy\" loading=\"lazy\" width=\"90\" height=\"90\" data-skip-lazy=\"1\" src=\"\/\/prodira.com.mx\/wp-content\/uploads\/2023\/02\/foco-90.png\" \/><\/div><\/div><div class=\"n2-ss-layer n2-ow n-uc-UKQBc724gLTM\" data-pm=\"normal\" data-sstype=\"layer\"><div id=\"n2-ss-15item6\" class=\"n2-font-f52407f770b3fcb21c9f6deaba8dcc9f-hover n2-style-f8293b450b12ef15d5c4ff97a617a3e3-heading   n2-ss-item-content n2-ss-text n2-ow\" style=\"display:block;\">Pursue excellence, seeing our customers as long-term partners, providing value-added services.<\/div><\/div><\/div><\/div><div class=\"n2-ss-layer n2-ow n-uc-1ed3a6f5f88ff\" data-pm=\"default\" data-sstype=\"col\"><div class=\"n2-ss-layer-col n2-ss-layer-with-background n2-ss-layer-content n-uc-1ed3a6f5f88ff-inner\"><div class=\"n2-ss-layer n2-ow n-uc-pNloAI2fJBuA\" data-pm=\"normal\" data-sstype=\"layer\"><div id=\"n2-ss-15item7\" class=\"n2-font-050e1cd89f23d224ccfab454c46bbcdc-hover n2-style-f8293b450b12ef15d5c4ff97a617a3e3-heading   n2-ss-item-content n2-ss-text n2-ow\" style=\"display:block;\">Vision<\/div><\/div><div class=\"n2-ss-layer n2-ow n-uc-TmH6z34qX6T0\" data-pm=\"normal\" data-sstype=\"layer\"><div class=\"n2-ss-item-image-content n2-ss-item-content n2-ow-all\"><img decoding=\"async\" id=\"n2-ss-15item8\" alt=\"\" class=\"skip-lazy\" loading=\"lazy\" width=\"90\" height=\"90\" data-skip-lazy=\"1\" src=\"\/\/prodira.com.mx\/wp-content\/uploads\/2023\/02\/Vision-90.png\" \/><\/div><\/div><div class=\"n2-ss-layer n2-ow n-uc-cSUcbvQ3yw1z\" data-pm=\"normal\" data-sstype=\"layer\"><div id=\"n2-ss-15item9\" class=\"n2-font-f52407f770b3fcb21c9f6deaba8dcc9f-hover n2-style-f8293b450b12ef15d5c4ff97a617a3e3-heading   n2-ss-item-content n2-ss-text n2-ow\" style=\"display:block;\">To become a company whose strength is based on security, trust and quality service, satisfying all the needs of our customers.<\/div><\/div><\/div><\/div><div class=\"n2-ss-layer n2-ow n-uc-158726d3beeaf\" data-pm=\"default\" data-sstype=\"col\"><div class=\"n2-ss-layer-col n2-ss-layer-with-background n2-ss-layer-content n-uc-158726d3beeaf-inner\"><div class=\"n2-ss-layer n2-ow n-uc-l11rYc55AnM8\" data-pm=\"normal\" data-sstype=\"layer\"><div id=\"n2-ss-15item10\" class=\"n2-font-050e1cd89f23d224ccfab454c46bbcdc-hover n2-style-f8293b450b12ef15d5c4ff97a617a3e3-heading   n2-ss-item-content n2-ss-text n2-ow\" style=\"display:block;\">Target<\/div><\/div><div class=\"n2-ss-layer n2-ow n-uc-loVl1B8eG8Gi\" data-pm=\"normal\" data-sstype=\"layer\"><div class=\"n2-ss-item-image-content n2-ss-item-content n2-ow-all\"><img decoding=\"async\" id=\"n2-ss-15item11\" alt=\"\" class=\"skip-lazy\" loading=\"lazy\" width=\"90\" height=\"90\" data-skip-lazy=\"1\" src=\"\/\/prodira.com.mx\/wp-content\/uploads\/2023\/02\/Objetivo-90.png\" \/><\/div><\/div><div class=\"n2-ss-layer n2-ow n-uc-a2GPZhFIZKtu\" data-pm=\"normal\" data-sstype=\"layer\"><div id=\"n2-ss-15item12\" class=\"n2-font-f52407f770b3fcb21c9f6deaba8dcc9f-hover n2-style-f8293b450b12ef15d5c4ff97a617a3e3-heading   n2-ss-item-content n2-ss-text n2-ow\" style=\"display:block;\">To offer our customers security, security and more security.<\/div><\/div><\/div><\/div><div class=\"n2-ss-layer n2-ow n-uc-120b7f666b7bf\" data-pm=\"default\" data-sstype=\"col\"><div class=\"n2-ss-layer-col n2-ss-layer-with-background n2-ss-layer-content n-uc-120b7f666b7bf-inner\"><div class=\"n2-ss-layer n2-ow n-uc-FbJRjJBPixx8\" data-pm=\"normal\" data-sstype=\"layer\"><div id=\"n2-ss-15item13\" class=\"n2-font-050e1cd89f23d224ccfab454c46bbcdc-hover n2-style-f8293b450b12ef15d5c4ff97a617a3e3-heading   n2-ss-item-content n2-ss-text n2-ow\" style=\"display:block;\">Goal<\/div><\/div><div class=\"n2-ss-layer n2-ow n-uc-Chm4A2mydE4N\" data-pm=\"normal\" data-sstype=\"layer\"><div class=\"n2-ss-item-image-content n2-ss-item-content n2-ow-all\"><img decoding=\"async\" id=\"n2-ss-15item14\" alt=\"\" class=\"skip-lazy\" loading=\"lazy\" width=\"90\" height=\"90\" data-skip-lazy=\"1\" src=\"\/\/prodira.com.mx\/wp-content\/uploads\/2023\/02\/Meta-90.png\" \/><\/div><\/div><div class=\"n2-ss-layer n2-ow n-uc-0cSS6wiYMcAZ\" data-pm=\"normal\" data-sstype=\"layer\"><div id=\"n2-ss-15item15\" class=\"n2-font-f52407f770b3fcb21c9f6deaba8dcc9f-hover n2-style-f8293b450b12ef15d5c4ff97a617a3e3-heading   n2-ss-item-content n2-ss-text n2-ow\" style=\"display:block;\">To be the number one company in the financial system by means of a high quality service with the purpose of protecting the patrimony of our clients, for the above mentioned we show the following<\/div><\/div><div class=\"n2-ss-layer n2-ow n-uc-11ed784d02c87\" data-pm=\"normal\" data-sstype=\"layer\"><div id=\"n2-ss-15item16\" class=\"n2-ss-item-content n2-ss-text n2-ow\" style=\"display:block;\"><a class=\"n2-ow n2-font-532904f64ecceefa6f5d9dd5ebd39113-hover n2-style-f8293b450b12ef15d5c4ff97a617a3e3-heading\" style=\"display:block;\" href=\"https:\/\/prodira.com.mx\/en\/informacion\/\">information.<\/a><\/div><\/div><\/div><\/div><div class=\"n2-ss-layer n2-ow n-uc-1d6a71ebbea71\" data-pm=\"default\" data-sstype=\"col\"><div class=\"n2-ss-layer-col n2-ss-layer-with-background n2-ss-layer-content n-uc-1d6a71ebbea71-inner\"><div class=\"n2-ss-layer n2-ow n-uc-15f43bc6ae71b\" data-pm=\"normal\" data-sstype=\"layer\"><div id=\"n2-ss-15item17\" class=\"n2-font-050e1cd89f23d224ccfab454c46bbcdc-hover n2-style-f8293b450b12ef15d5c4ff97a617a3e3-heading   n2-ss-item-content n2-ss-text n2-ow\" style=\"display:block;\">Values<\/div><\/div><div class=\"n2-ss-layer n2-ow n-uc-1a9122d2e2d38\" data-pm=\"normal\" data-sstype=\"layer\"><div class=\"n2-ss-item-image-content n2-ss-item-content n2-ow-all\"><img decoding=\"async\" id=\"n2-ss-15item18\" alt=\"\" class=\"skip-lazy\" loading=\"lazy\" width=\"100\" height=\"100\" data-skip-lazy=\"1\" src=\"\/\/prodira.com.mx\/wp-content\/uploads\/2023\/01\/manos-100.png\" \/><\/div><\/div><div class=\"n2-ss-layer n2-ow n-uc-13e9cbe49b66e\" data-pm=\"normal\" data-sstype=\"layer\"><div id=\"n2-ss-15item19\" class=\"n2-font-f52407f770b3fcb21c9f6deaba8dcc9f-hover n2-style-f8293b450b12ef15d5c4ff97a617a3e3-heading   n2-ss-item-content n2-ss-text n2-ow\" style=\"display:block;\">-Strong commitment to customers.<br>-Safety, honesty, respect, integrity and proportionality.<br>-Our motto is service, security and profitability for our customers.<\/div><\/div><\/div><\/div><\/div><\/div><\/div><\/div><\/div><\/div><\/div><\/div><div data-slide-duration=\"0\" data-id=\"87\" data-slide-public-id=\"3\" aria-hidden=\"true\" data-title=\"valores\" class=\"n2-ss-slide n2-ow  n2-ss-slide-87\"><div role=\"note\" class=\"n2-ss-slide--focus\" tabindex=\"-1\">values<\/div><div class=\"n2-ss-layers-container n2-ss-slide-limiter n2-ow\"><div class=\"n2-ss-layer n2-ow n-uc-TImDeiTlNLI3\" data-sstype=\"slide\" data-pm=\"default\"><div class=\"n2-ss-layer n2-ow n-uc-gngFSPYhiByH\" data-pm=\"default\" data-sstype=\"content\" data-hasbackground=\"0\"><div class=\"n2-ss-section-main-content n2-ss-layer-with-background n2-ss-layer-content n2-ow n-uc-gngFSPYhiByH-inner\"><div class=\"n2-ss-layer n2-ow n2-ss-layer--block n2-ss-has-self-align n-uc-1c54413789da6\" data-pm=\"normal\" data-sstype=\"row\"><div class=\"n2-ss-layer-row n2-ss-layer-with-background n-uc-1c54413789da6-inner\"><div class=\"n2-ss-layer-row-inner\"><div class=\"n2-ss-layer n2-ow n-uc-155fa744e60bf\" data-pm=\"default\" data-sstype=\"col\"><div class=\"n2-ss-layer-col n2-ss-layer-with-background n2-ss-layer-content n-uc-155fa744e60bf-inner\"><div class=\"n2-ss-layer n2-ow n-uc-1af27b37635e3\" data-pm=\"normal\" data-sstype=\"layer\"><div id=\"n2-ss-15item20\" class=\"n2-font-e7392b2ab73f6e1ed90a859e5155f3a3-hover   n2-ss-item-content n2-ss-text n2-ow\" style=\"display:block;\">Regulated and supervised<\/div><\/div><div class=\"n2-ss-layer n2-ow n-uc-VzZTMOeJ2hRv\" data-pm=\"normal\" data-sstype=\"layer\"><div id=\"n2-ss-15item21\" class=\"n2-font-5452e2ae11f7f157776e4da91c8d1551-hover   n2-ss-item-content n2-ss-text n2-ow\" style=\"display:block;\">The Ministry of Finance and Public Credit (SHCP) granted us the authorization to operate in the Mexican Financial Sector as an Exchange House. We are an auxiliary credit institution regulated and supervised by the Bank of Mexico, the National Banking and Securities Commission (CNBV), the National Commission for the Protection and Defense of Financial Services Users (CONDUSEF) and the Securities and Savings Banking Unit (UBVA) of the SHCP. <\/div><\/div><div class=\"n2-ss-layer n2-ow n2-ss-layer--block n2-ss-has-self-align n-uc-1f5eeda70356b\" data-pm=\"normal\" data-sstype=\"row\"><div class=\"n2-ss-layer-row n2-ss-layer-with-background n-uc-1f5eeda70356b-inner\"><div class=\"n2-ss-layer-row-inner\"><div class=\"n2-ss-layer n2-ow n-uc-14b50b1ece76a\" data-pm=\"default\" data-sstype=\"col\"><div class=\"n2-ss-layer-col n2-ss-layer-with-background n2-ss-layer-content n-uc-14b50b1ece76a-inner\"><div class=\"n2-ss-layer n2-ow n-uc-PUk5tueaZBhg\" data-pm=\"normal\" data-sstype=\"layer\"><div class=\"n2-ss-item-image-content n2-ss-item-content n2-ow-all\"><a target=\"_blank\" href=\"https:\/\/www.banxico.org.mx\/marco-normativo\/normativa-agrupada-por-sujeto.html\"><img decoding=\"async\" id=\"n2-ss-15item22\" alt=\"\" class=\"skip-lazy\" loading=\"lazy\" width=\"70\" height=\"76\" data-skip-lazy=\"1\" src=\"\/\/prodira.com.mx\/wp-content\/uploads\/2023\/01\/BANCO-DE-MEXICO-70.png\" \/><\/a><\/div><\/div><\/div><\/div><div class=\"n2-ss-layer n2-ow n-uc-1281fa7ecf337\" data-pm=\"default\" data-sstype=\"col\"><div class=\"n2-ss-layer-col n2-ss-layer-with-background n2-ss-layer-content n-uc-1281fa7ecf337-inner\"><div class=\"n2-ss-layer n2-ow n-uc-M9DY4jObU1gs\" data-pm=\"normal\" data-sstype=\"layer\"><div class=\"n2-ss-item-image-content n2-ss-item-content n2-ow-all\"><a target=\"_blank\" href=\"https:\/\/www.buro.gob.mx\/\"><img decoding=\"async\" id=\"n2-ss-15item23\" alt=\"\" class=\"skip-lazy\" loading=\"lazy\" width=\"70\" height=\"65\" data-skip-lazy=\"1\" src=\"\/\/prodira.com.mx\/wp-content\/uploads\/2022\/09\/buro-de-credito-1-1.png\" \/><\/a><\/div><\/div><\/div><\/div><div class=\"n2-ss-layer n2-ow n-uc-1c79635754450\" data-pm=\"default\" data-sstype=\"col\"><div class=\"n2-ss-layer-col n2-ss-layer-with-background n2-ss-layer-content n-uc-1c79635754450-inner\"><div class=\"n2-ss-layer n2-ow n-uc-qwMabj11pnSO\" data-pm=\"normal\" data-sstype=\"layer\"><div class=\"n2-ss-item-image-content n2-ss-item-content n2-ow-all\"><a target=\"_blank\" href=\"https:\/\/www.cnbv.gob.mx\/Paginas\/PADR%C3%93N-DE-ENTIDADES-SUPERVISADAS.aspx\"><img decoding=\"async\" id=\"n2-ss-15item24\" alt=\"\" class=\"skip-lazy\" loading=\"lazy\" width=\"70\" height=\"63\" data-skip-lazy=\"1\" src=\"\/\/prodira.com.mx\/wp-content\/uploads\/2022\/09\/cnbv-1-1.png\" \/><\/a><\/div><\/div><\/div><\/div><div class=\"n2-ss-layer n2-ow n-uc-1262773808326\" data-pm=\"default\" data-sstype=\"col\"><div class=\"n2-ss-layer-col n2-ss-layer-with-background n2-ss-layer-content n-uc-1262773808326-inner\"><div class=\"n2-ss-layer n2-ow n-uc-480DXWbpYmBA\" data-pm=\"normal\" data-sstype=\"layer\"><div class=\"n2-ss-item-image-content n2-ss-item-content n2-ow-all\"><a target=\"_blank\" href=\"https:\/\/www.diputados.gob.mx\/LeyesBiblio\/ref\/lgoaac.htm\"><img decoding=\"async\" id=\"n2-ss-15item25\" alt=\"\" class=\"skip-lazy\" loading=\"lazy\" width=\"70\" height=\"70\" data-skip-lazy=\"1\" src=\"\/\/prodira.com.mx\/wp-content\/uploads\/2023\/01\/SHCP-70.png\" \/><\/a><\/div><\/div><\/div><\/div><div class=\"n2-ss-layer n2-ow n-uc-1376c48e4fa3f\" data-pm=\"default\" data-sstype=\"col\"><div class=\"n2-ss-layer-col n2-ss-layer-with-background n2-ss-layer-content n-uc-1376c48e4fa3f-inner\"><div class=\"n2-ss-layer n2-ow n-uc-cjEYj8S2WPf1\" data-pm=\"normal\" data-sstype=\"layer\"><div id=\"n2-ss-15item26\" class=\"n2-ss-item-content n2-ss-text n2-ow\" style=\"display:block;\"><a class=\"n2-ow n2-font-b049be367c22e3d991db29f11e8930f8-hover\" style=\"display:block;\" target=\"_blank\" href=\"https:\/\/prodira.com.mx\/en\/une-prodira\/\">UNE PRODIRA<\/a><\/div><\/div><div class=\"n2-ss-layer n2-ow n-uc-rbBcS0dSiqce\" data-pm=\"normal\" data-sstype=\"layer\"><div id=\"n2-ss-15item27\" class=\"n2-font-cbd6a5223518b0e63639056e5351371d-hover   n2-ss-item-content n2-ss-text n2-ow\" style=\"display:block;\"><\/div><\/div><\/div><\/div><\/div><\/div><\/div><\/div><\/div><\/div><\/div><\/div><\/div><\/div><\/div><\/div><\/div>                    <\/div>\n\n                                    <\/div>\n            <\/div>\n        <\/div>\n        <div class=\"n2-ss-slider-controls n2-ss-slider-controls-absolute-left-center\"><div style=\"--widget-offset:15px;\" class=\"n2-ss-widget nextend-arrow n2-ow-all nextend-arrow-previous  nextend-arrow-animated-fade\" data-hide-mobileportrait=\"1\" id=\"n2-ss-15-arrow-previous\" role=\"button\" aria-label=\"previous arrow\" tabindex=\"0\"><img loading=\"lazy\" decoding=\"async\" width=\"32\" height=\"32\" class=\"skip-lazy\" data-skip-lazy=\"1\" src=\"data:image\/svg+xml;base64,PHN2ZyB3aWR0aD0iMzIiIGhlaWdodD0iMzIiIHZpZXdCb3g9IjAgMCAzMiAzMiIgeG1sbnM9Imh0dHA6Ly93d3cudzMub3JnLzIwMDAvc3ZnIj4KICAgIDxwYXRoIGQ9Ik0xMS40MzMgMTUuOTkyTDIyLjY5IDUuNzEyYy4zOTMtLjM5LjM5My0xLjAzIDAtMS40Mi0uMzkzLS4zOS0xLjAzLS4zOS0xLjQyMyAwbC0xMS45OCAxMC45NGMtLjIxLjIxLS4zLjQ5LS4yODUuNzYtLjAxNS4yOC4wNzUuNTYuMjg0Ljc3bDExLjk4IDEwLjk0Yy4zOTMuMzkgMS4wMy4zOSAxLjQyNCAwIC4zOTMtLjQuMzkzLTEuMDMgMC0xLjQybC0xMS4yNTctMTAuMjkiCiAgICAgICAgICBmaWxsPSIjZmZmZmZmIiBvcGFjaXR5PSIwLjgiIGZpbGwtcnVsZT0iZXZlbm9kZCIvPgo8L3N2Zz4=\" alt=\"previous arrow\"><\/div><\/div><div class=\"n2-ss-slider-controls n2-ss-slider-controls-absolute-right-center\"><div style=\"--widget-offset:15px;\" class=\"n2-ss-widget nextend-arrow n2-ow-all nextend-arrow-next  nextend-arrow-animated-fade\" data-hide-mobileportrait=\"1\" id=\"n2-ss-15-arrow-next\" role=\"button\" aria-label=\"next arrow\" tabindex=\"0\"><img loading=\"lazy\" decoding=\"async\" width=\"32\" height=\"32\" class=\"skip-lazy\" data-skip-lazy=\"1\" src=\"data:image\/svg+xml;base64,PHN2ZyB3aWR0aD0iMzIiIGhlaWdodD0iMzIiIHZpZXdCb3g9IjAgMCAzMiAzMiIgeG1sbnM9Imh0dHA6Ly93d3cudzMub3JnLzIwMDAvc3ZnIj4KICAgIDxwYXRoIGQ9Ik0xMC43MjIgNC4yOTNjLS4zOTQtLjM5LTEuMDMyLS4zOS0xLjQyNyAwLS4zOTMuMzktLjM5MyAxLjAzIDAgMS40MmwxMS4yODMgMTAuMjgtMTEuMjgzIDEwLjI5Yy0uMzkzLjM5LS4zOTMgMS4wMiAwIDEuNDIuMzk1LjM5IDEuMDMzLjM5IDEuNDI3IDBsMTIuMDA3LTEwLjk0Yy4yMS0uMjEuMy0uNDkuMjg0LS43Ny4wMTQtLjI3LS4wNzYtLjU1LS4yODYtLjc2TDEwLjcyIDQuMjkzeiIKICAgICAgICAgIGZpbGw9IiNmZmZmZmYiIG9wYWNpdHk9IjAuOCIgZmlsbC1ydWxlPSJldmVub2RkIi8+Cjwvc3ZnPg==\" alt=\"next arrow\"><\/div><\/div><\/div><\/div><ss3-loader><\/ss3-loader><\/div><\/div><div class=\"n2_clear\"><\/div><\/div><\/ss3-force-full-width><\/div>","protected":false},"excerpt":{"rendered":"","protected":false},"author":1,"featured_media":0,"parent":0,"menu_order":0,"comment_status":"closed","ping_status":"closed","template":"","meta":{"site-sidebar-layout":"default","site-content-layout":"","ast-site-content-layout":"default","site-content-style":"default","site-sidebar-style":"default","ast-global-header-display":"","ast-banner-title-visibility":"","ast-main-header-display":"","ast-hfb-above-header-display":"","ast-hfb-below-header-display":"","ast-hfb-mobile-header-display":"","site-post-title":"disabled","ast-breadcrumbs-content":"","ast-featured-img":"","footer-sml-layout":"","ast-disable-related-posts":"","theme-transparent-header-meta":"","adv-header-id-meta":"","stick-header-meta":"","header-above-stick-meta":"","header-main-stick-meta":"","header-below-stick-meta":"","astra-migrate-meta-layouts":"default","ast-page-background-enabled":"default","ast-page-background-meta":{"desktop":{"background-color":"var(--ast-global-color-4)","background-image":"","background-repeat":"repeat","background-position":"center center","background-size":"auto","background-attachment":"scroll","background-type":"","background-media":"","overlay-type":"","overlay-color":"","overlay-opacity":"","overlay-gradient":""},"tablet":{"background-color":"","background-image":"","background-repeat":"repeat","background-position":"center center","background-size":"auto","background-attachment":"scroll","background-type":"","background-media":"","overlay-type":"","overlay-color":"","overlay-opacity":"","overlay-gradient":""},"mobile":{"background-color":"","background-image":"","background-repeat":"repeat","background-position":"center center","background-size":"auto","background-attachment":"scroll","background-type":"","background-media":"","overlay-type":"","overlay-color":"","overlay-opacity":"","overlay-gradient":""}},"ast-content-background-meta":{"desktop":{"background-color":"var(--ast-global-color-5)","background-image":"","background-repeat":"repeat","background-position":"center center","background-size":"auto","background-attachment":"scroll","background-type":"","background-media":"","overlay-type":"","overlay-color":"","overlay-opacity":"","overlay-gradient":""},"tablet":{"background-color":"var(--ast-global-color-5)","background-image":"","background-repeat":"repeat","background-position":"center center","background-size":"auto","background-attachment":"scroll","background-type":"","background-media":"","overlay-type":"","overlay-color":"","overlay-opacity":"","overlay-gradient":""},"mobile":{"background-color":"var(--ast-global-color-5)","background-image":"","background-repeat":"repeat","background-position":"center center","background-size":"auto","background-attachment":"scroll","background-type":"","background-media":"","overlay-type":"","overlay-color":"","overlay-opacity":"","overlay-gradient":""}},"footnotes":""},"class_list":["post-1911","page","type-page","status-publish","hentry"],"_links":{"self":[{"href":"https:\/\/prodira.com.mx\/en\/wp-json\/wp\/v2\/pages\/1911","targetHints":{"allow":["GET"]}}],"collection":[{"href":"https:\/\/prodira.com.mx\/en\/wp-json\/wp\/v2\/pages"}],"about":[{"href":"https:\/\/prodira.com.mx\/en\/wp-json\/wp\/v2\/types\/page"}],"author":[{"embeddable":true,"href":"https:\/\/prodira.com.mx\/en\/wp-json\/wp\/v2\/users\/1"}],"replies":[{"embeddable":true,"href":"https:\/\/prodira.com.mx\/en\/wp-json\/wp\/v2\/comments?post=1911"}],"version-history":[{"count":5,"href":"https:\/\/prodira.com.mx\/en\/wp-json\/wp\/v2\/pages\/1911\/revisions"}],"predecessor-version":[{"id":2575,"href":"https:\/\/prodira.com.mx\/en\/wp-json\/wp\/v2\/pages\/1911\/revisions\/2575"}],"wp:attachment":[{"href":"https:\/\/prodira.com.mx\/en\/wp-json\/wp\/v2\/media?parent=1911"}],"curies":[{"name":"wp","href":"https:\/\/api.w.org\/{rel}","templated":true}]}}