{"id":1072,"date":"2021-04-12T05:27:18","date_gmt":"2021-04-12T05:27:18","guid":{"rendered":"http:\/\/prodira.com.mx\/what-i-offer\/"},"modified":"2023-12-20T21:25:46","modified_gmt":"2023-12-20T21:25:46","slug":"rrhh","status":"publish","type":"page","link":"https:\/\/prodira.com.mx\/en\/rrhh\/","title":{"rendered":"RRHH"},"content":{"rendered":"<div class=\"wp-block-cover alignfull is-light has-parallax has-custom-content-position is-position-bottom-center\" style=\"min-height:273px;aspect-ratio:unset;\"><span aria-hidden=\"true\" class=\"wp-block-cover__background has-background-dim\"><\/span><div role=\"img\" class=\"wp-block-cover__image-background wp-image-1421 has-parallax\" style=\"background-position:50% 50%;background-image:url(https:\/\/prodira.com.mx\/wp-content\/uploads\/2022\/09\/SUCURSALES.jpeg)\"><\/div><div class=\"wp-block-cover__inner-container is-layout-flow wp-block-cover-is-layout-flow\">\n<div style=\"height:150px\" aria-hidden=\"true\" class=\"wp-block-spacer\"><\/div>\n\n\n\n<p class=\"has-text-align-center has-ast-global-color-5-color has-text-color\" style=\"font-size:35px\">Human Resources<\/p>\n<\/div><\/div>\n\n\n\n<p class=\"has-text-align-center animated fadeIn has-ast-global-color-2-color has-text-color has-medium-font-size\" style=\"margin-top:var(--wp--preset--spacing--50);margin-right:var(--wp--preset--spacing--50);margin-bottom:var(--wp--preset--spacing--50);margin-left:var(--wp--preset--spacing--50)\">Would you like to be part of the team?<\/p>\n\n\n\n<p class=\"has-text-align-center animated fadeIn has-ast-global-color-2-color has-text-color has-medium-font-size\" style=\"margin-top:var(--wp--preset--spacing--50);margin-right:var(--wp--preset--spacing--50);margin-bottom:var(--wp--preset--spacing--50);margin-left:var(--wp--preset--spacing--50)\">Send your resume to the following e-mail address: <\/p>\n\n\n\n<p class=\"has-text-align-center animated fadeIn has-ast-global-color-2-color has-text-color has-large-font-size\" style=\"margin-top:var(--wp--preset--spacing--50);margin-right:var(--wp--preset--spacing--50);margin-bottom:var(--wp--preset--spacing--50);margin-left:var(--wp--preset--spacing--50)\"><mark style=\"background-color:rgba(0, 0, 0, 0)\" class=\"has-inline-color has-ast-global-color-0-color\">recursos.humanos@prodira.com.mx<\/mark><\/p>\n\n\n\n<p class=\"has-text-align-center animated fadeIn has-text-color has-link-color has-large-font-size wp-elements-aea2df92a91594b165709bf04bc7010f\" style=\"color:#2f5770;margin-top:var(--wp--preset--spacing--70);margin-right:var(--wp--preset--spacing--70);margin-bottom:var(--wp--preset--spacing--70);margin-left:var(--wp--preset--spacing--70)\"><strong><em> AREAS:<\/em><\/strong><\/p>\n\n\n\n<div class=\"wp-block-columns is-layout-flex wp-container-core-columns-is-layout-28f84493 wp-block-columns-is-layout-flex\">\n<div class=\"wp-block-column animated bounceIn is-layout-flow wp-block-column-is-layout-flow\"><figure style=\"width:168px;height:168px;\" class=\"aligncenter wp-block-post-featured-image\"><img loading=\"lazy\" decoding=\"async\" width=\"512\" height=\"512\" src=\"https:\/\/prodira.com.mx\/wp-content\/uploads\/2023\/12\/lista-de-verificacion.png\" class=\"attachment-post-thumbnail size-post-thumbnail wp-post-image\" alt=\"\" style=\"height:168px;object-fit:cover;\" srcset=\"https:\/\/prodira.com.mx\/wp-content\/uploads\/2023\/12\/lista-de-verificacion.png 512w, https:\/\/prodira.com.mx\/wp-content\/uploads\/2023\/12\/lista-de-verificacion-300x300.png 300w, https:\/\/prodira.com.mx\/wp-content\/uploads\/2023\/12\/lista-de-verificacion-150x150.png 150w, https:\/\/prodira.com.mx\/wp-content\/uploads\/2023\/12\/lista-de-verificacion-200x200.png 200w\" sizes=\"auto, (max-width: 512px) 100vw, 512px\" \/><\/figure>\n\n\n<p class=\"has-text-align-center animated fadeIn has-text-color has-link-color has-medium-font-size wp-elements-4b1e03e2f8c318a3ea852bde5a3244d1\" style=\"color:#2f5770;margin-top:var(--wp--preset--spacing--40);margin-bottom:var(--wp--preset--spacing--40)\"><strong>Regulations<\/strong><\/p>\n<\/div>\n\n\n\n<div class=\"wp-block-column animated bounceIn is-layout-flow wp-block-column-is-layout-flow\">\n<figure class=\"wp-block-image aligncenter size-full is-resized\"><img loading=\"lazy\" decoding=\"async\" width=\"512\" height=\"512\" src=\"https:\/\/prodira.com.mx\/wp-content\/uploads\/2023\/12\/rendimiento.png\" alt=\"\" class=\"wp-image-2724\" style=\"object-fit:cover;width:168px;height:168px\" srcset=\"https:\/\/prodira.com.mx\/wp-content\/uploads\/2023\/12\/rendimiento.png 512w, https:\/\/prodira.com.mx\/wp-content\/uploads\/2023\/12\/rendimiento-300x300.png 300w, https:\/\/prodira.com.mx\/wp-content\/uploads\/2023\/12\/rendimiento-150x150.png 150w, https:\/\/prodira.com.mx\/wp-content\/uploads\/2023\/12\/rendimiento-200x200.png 200w\" sizes=\"auto, (max-width: 512px) 100vw, 512px\" \/><\/figure>\n\n\n\n<p class=\"has-text-align-center animated fadeIn has-text-color has-link-color has-medium-font-size wp-elements-b9ac9790a7b4c05e43ae687c473e587e\" style=\"color:#2f5770;margin-top:var(--wp--preset--spacing--40);margin-right:0;margin-bottom:var(--wp--preset--spacing--40);margin-left:0\"><strong>Operation <\/strong><\/p>\n<\/div>\n\n\n\n<div class=\"wp-block-column animated bounceIn is-layout-flow wp-block-column-is-layout-flow\">\n<figure class=\"wp-block-image aligncenter size-full is-resized\"><img loading=\"lazy\" decoding=\"async\" width=\"512\" height=\"512\" src=\"https:\/\/prodira.com.mx\/wp-content\/uploads\/2023\/12\/cajero-1-1.png\" alt=\"\" class=\"wp-image-2696\" style=\"object-fit:cover;width:168px;height:168px\" srcset=\"https:\/\/prodira.com.mx\/wp-content\/uploads\/2023\/12\/cajero-1-1.png 512w, https:\/\/prodira.com.mx\/wp-content\/uploads\/2023\/12\/cajero-1-1-300x300.png 300w, https:\/\/prodira.com.mx\/wp-content\/uploads\/2023\/12\/cajero-1-1-150x150.png 150w, https:\/\/prodira.com.mx\/wp-content\/uploads\/2023\/12\/cajero-1-1-200x200.png 200w\" sizes=\"auto, (max-width: 512px) 100vw, 512px\" \/><\/figure>\n\n\n\n<p class=\"has-text-align-center animated fadeIn has-text-color has-link-color has-medium-font-size wp-elements-77221dbb7bf6892040a3c02e69e8d16b\" style=\"color:#2f5770;margin-top:var(--wp--preset--spacing--40);margin-bottom:var(--wp--preset--spacing--40)\"><strong>Sales<\/strong><\/p>\n<\/div>\n\n\n\n<div class=\"wp-block-column animated bounceIn is-layout-flow wp-block-column-is-layout-flow\">\n<figure class=\"wp-block-image aligncenter size-full is-resized\"><img loading=\"lazy\" decoding=\"async\" width=\"512\" height=\"512\" src=\"https:\/\/prodira.com.mx\/wp-content\/uploads\/2023\/12\/recursos-humanos-1.png\" alt=\"\" class=\"wp-image-2692\" style=\"object-fit:cover;width:168px;height:168px\" srcset=\"https:\/\/prodira.com.mx\/wp-content\/uploads\/2023\/12\/recursos-humanos-1.png 512w, https:\/\/prodira.com.mx\/wp-content\/uploads\/2023\/12\/recursos-humanos-1-300x300.png 300w, https:\/\/prodira.com.mx\/wp-content\/uploads\/2023\/12\/recursos-humanos-1-150x150.png 150w, https:\/\/prodira.com.mx\/wp-content\/uploads\/2023\/12\/recursos-humanos-1-200x200.png 200w\" sizes=\"auto, (max-width: 512px) 100vw, 512px\" \/><\/figure>\n\n\n\n<p class=\"has-text-align-center animated fadeIn has-text-color has-link-color has-medium-font-size wp-elements-24f9f1f98beb3d1e5a30027d63f1a135\" style=\"color:#2f5770;margin-top:var(--wp--preset--spacing--40);margin-right:0;margin-bottom:var(--wp--preset--spacing--40);margin-left:0\"><strong>Administration<\/strong><\/p>\n<\/div>\n<\/div>\n\n\n\n<div class=\"wp-block-columns is-layout-flex wp-container-core-columns-is-layout-28f84493 wp-block-columns-is-layout-flex\">\n<div class=\"wp-block-column animated bounceIn is-layout-flow wp-block-column-is-layout-flow\">\n<figure class=\"wp-block-image aligncenter size-full is-resized\"><img loading=\"lazy\" decoding=\"async\" width=\"512\" height=\"512\" src=\"https:\/\/prodira.com.mx\/wp-content\/uploads\/2023\/12\/presupuesto-1.png\" alt=\"\" class=\"wp-image-2693\" style=\"object-fit:cover;width:168px;height:168px\" srcset=\"https:\/\/prodira.com.mx\/wp-content\/uploads\/2023\/12\/presupuesto-1.png 512w, https:\/\/prodira.com.mx\/wp-content\/uploads\/2023\/12\/presupuesto-1-300x300.png 300w, https:\/\/prodira.com.mx\/wp-content\/uploads\/2023\/12\/presupuesto-1-150x150.png 150w, https:\/\/prodira.com.mx\/wp-content\/uploads\/2023\/12\/presupuesto-1-200x200.png 200w\" sizes=\"auto, (max-width: 512px) 100vw, 512px\" \/><\/figure>\n\n\n\n<p class=\"has-text-align-center animated fadeIn has-text-color has-link-color has-medium-font-size wp-elements-b2b924e8d5f102054eb96c217565b172\" style=\"color:#2f5770;margin-top:var(--wp--preset--spacing--40);margin-bottom:var(--wp--preset--spacing--40)\"><strong>Accounting<\/strong><\/p>\n<\/div>\n\n\n\n<div class=\"wp-block-column animated bounceIn is-layout-flow wp-block-column-is-layout-flow\">\n<figure class=\"wp-block-image aligncenter size-full is-resized\"><img loading=\"lazy\" decoding=\"async\" width=\"512\" height=\"512\" src=\"https:\/\/prodira.com.mx\/wp-content\/uploads\/2023\/12\/equipo.png\" alt=\"\" class=\"wp-image-2723\" style=\"object-fit:cover;width:168px;height:168px\" srcset=\"https:\/\/prodira.com.mx\/wp-content\/uploads\/2023\/12\/equipo.png 512w, https:\/\/prodira.com.mx\/wp-content\/uploads\/2023\/12\/equipo-300x300.png 300w, https:\/\/prodira.com.mx\/wp-content\/uploads\/2023\/12\/equipo-150x150.png 150w, https:\/\/prodira.com.mx\/wp-content\/uploads\/2023\/12\/equipo-200x200.png 200w\" sizes=\"auto, (max-width: 512px) 100vw, 512px\" \/><\/figure>\n\n\n\n<p class=\"has-text-align-center animated fadeIn has-text-color has-link-color has-medium-font-size wp-elements-69e07e2a126eeb82718e314a956081da\" style=\"color:#2f5770;margin-top:var(--wp--preset--spacing--40);margin-right:0;margin-bottom:var(--wp--preset--spacing--40);margin-left:0\"><strong>Systems <\/strong><\/p>\n<\/div>\n<\/div>","protected":false},"excerpt":{"rendered":"<p>\u00bfTe gustar\u00eda formar parte del equipo? Env\u00eda tu curr\u00edculum al siguiente correo electr\u00f3nico: recursos.humanos@prodira.com.mx \u00c1REAS: Normatividad Operaci\u00f3n Ventas Administraci\u00f3n Contabilidad Sistemas<\/p>","protected":false},"author":1,"featured_media":2722,"parent":0,"menu_order":0,"comment_status":"closed","ping_status":"closed","template":"","meta":{"site-sidebar-layout":"no-sidebar","site-content-layout":"plain-container","ast-site-content-layout":"normal-width-container","site-content-style":"unboxed","site-sidebar-style":"unboxed","ast-global-header-display":"","ast-banner-title-visibility":"","ast-main-header-display":"","ast-hfb-above-header-display":"","ast-hfb-below-header-display":"","ast-hfb-mobile-header-display":"","site-post-title":"disabled","ast-breadcrumbs-content":"disabled","ast-featured-img":"disabled","footer-sml-layout":"","ast-disable-related-posts":"","theme-transparent-header-meta":"enabled","adv-header-id-meta":"","stick-header-meta":"","header-above-stick-meta":"","header-main-stick-meta":"","header-below-stick-meta":"","astra-migrate-meta-layouts":"set","ast-page-background-enabled":"default","ast-page-background-meta":{"desktop":{"background-color":"var(--ast-global-color-4)","background-image":"","background-repeat":"repeat","background-position":"center center","background-size":"auto","background-attachment":"scroll","background-type":"","background-media":"","overlay-type":"","overlay-color":"","overlay-opacity":"","overlay-gradient":""},"tablet":{"background-color":"","background-image":"","background-repeat":"repeat","background-position":"center center","background-size":"auto","background-attachment":"scroll","background-type":"","background-media":"","overlay-type":"","overlay-color":"","overlay-opacity":"","overlay-gradient":""},"mobile":{"background-color":"","background-image":"","background-repeat":"repeat","background-position":"center center","background-size":"auto","background-attachment":"scroll","background-type":"","background-media":"","overlay-type":"","overlay-color":"","overlay-opacity":"","overlay-gradient":""}},"ast-content-background-meta":{"desktop":{"background-color":"var(--ast-global-color-5)","background-image":"","background-repeat":"repeat","background-position":"center center","background-size":"auto","background-attachment":"scroll","background-type":"","background-media":"","overlay-type":"","overlay-color":"","overlay-opacity":"","overlay-gradient":""},"tablet":{"background-color":"var(--ast-global-color-5)","background-image":"","background-repeat":"repeat","background-position":"center center","background-size":"auto","background-attachment":"scroll","background-type":"","background-media":"","overlay-type":"","overlay-color":"","overlay-opacity":"","overlay-gradient":""},"mobile":{"background-color":"var(--ast-global-color-5)","background-image":"","background-repeat":"repeat","background-position":"center center","background-size":"auto","background-attachment":"scroll","background-type":"","background-media":"","overlay-type":"","overlay-color":"","overlay-opacity":"","overlay-gradient":""}},"footnotes":""},"class_list":["post-1072","page","type-page","status-publish","has-post-thumbnail","hentry"],"_links":{"self":[{"href":"https:\/\/prodira.com.mx\/en\/wp-json\/wp\/v2\/pages\/1072","targetHints":{"allow":["GET"]}}],"collection":[{"href":"https:\/\/prodira.com.mx\/en\/wp-json\/wp\/v2\/pages"}],"about":[{"href":"https:\/\/prodira.com.mx\/en\/wp-json\/wp\/v2\/types\/page"}],"author":[{"embeddable":true,"href":"https:\/\/prodira.com.mx\/en\/wp-json\/wp\/v2\/users\/1"}],"replies":[{"embeddable":true,"href":"https:\/\/prodira.com.mx\/en\/wp-json\/wp\/v2\/comments?post=1072"}],"version-history":[{"count":78,"href":"https:\/\/prodira.com.mx\/en\/wp-json\/wp\/v2\/pages\/1072\/revisions"}],"predecessor-version":[{"id":2726,"href":"https:\/\/prodira.com.mx\/en\/wp-json\/wp\/v2\/pages\/1072\/revisions\/2726"}],"wp:featuredmedia":[{"embeddable":true,"href":"https:\/\/prodira.com.mx\/en\/wp-json\/wp\/v2\/media\/2722"}],"wp:attachment":[{"href":"https:\/\/prodira.com.mx\/en\/wp-json\/wp\/v2\/media?parent=1072"}],"curies":[{"name":"wp","href":"https:\/\/api.w.org\/{rel}","templated":true}]}}